{"id":2,"date":"2023-07-26T22:38:31","date_gmt":"2023-07-26T20:38:31","guid":{"rendered":"http:\/\/omorfia-esthetique.fr\/?page_id=2"},"modified":"2023-11-20T21:45:34","modified_gmt":"2023-11-20T20:45:34","slug":"presentation","status":"publish","type":"page","link":"https:\/\/omorfia-esthetique.fr\/","title":{"rendered":"Pr\u00e9sentation"},"content":{"rendered":"\n<p class=\"has-small-font-size\">En tant que <strong>facialiste dipl\u00f4m\u00e9e<\/strong>, ma mission est d&#8217;accompagner toutes les femmes, quel que soit leur \u00e2ge, dans la qu\u00eate du &#8220;<em>bien vieillir<\/em>&#8221; gr\u00e2ce \u00e0 des soins holistiques et non-invasifs. Mon aspiration est de r\u00e9v\u00e9ler leur beaut\u00e9 \u00e0 partir de leur propre visage, de pouvoir renforcer leurs expressions positives et de leur faire prendre conscience des expressions n\u00e9gatives pour les amener \u00e0 s&#8217;en s\u00e9parer et booster leur confiance.<\/p>\n\n\n\n<p class=\"has-small-font-size\">Apr\u00e8s 15 ann\u00e9es pass\u00e9es en tant qu&#8217;esth\u00e9ticienne \u00e0 prendre soin des femmes dans divers instituts, j&#8217;ai ressenti le besoin de les accompagner diff\u00e9remment.<\/p>\n\n\n\n<figure class=\"wp-block-gallery has-nested-images columns-default is-cropped wp-block-gallery-4 is-layout-flex wp-block-gallery-is-layout-flex\">\n<figure class=\"wp-block-image size-large is-style-default wp-duotone-unset-1\"><img loading=\"lazy\" decoding=\"async\" width=\"768\" height=\"1024\" data-id=\"75\" src=\"http:\/\/omorfia-esthetique.fr\/wp-content\/uploads\/2023\/10\/IMG-20231024-WA0013-768x1024.jpg\" alt=\"\" class=\"wp-image-75\" srcset=\"https:\/\/omorfia-esthetique.fr\/wp-content\/uploads\/2023\/10\/IMG-20231024-WA0013-768x1024.jpg 768w, https:\/\/omorfia-esthetique.fr\/wp-content\/uploads\/2023\/10\/IMG-20231024-WA0013-225x300.jpg 225w, https:\/\/omorfia-esthetique.fr\/wp-content\/uploads\/2023\/10\/IMG-20231024-WA0013-1152x1536.jpg 1152w, https:\/\/omorfia-esthetique.fr\/wp-content\/uploads\/2023\/10\/IMG-20231024-WA0013.jpg 1200w\" sizes=\"auto, (max-width: 768px) 100vw, 768px\" \/><\/figure>\n\n\n\n<figure class=\"wp-block-image size-large wp-duotone-unset-2\"><img loading=\"lazy\" decoding=\"async\" width=\"768\" height=\"1024\" data-id=\"74\" src=\"http:\/\/omorfia-esthetique.fr\/wp-content\/uploads\/2023\/10\/IMG-20231024-WA0012-768x1024.jpg\" alt=\"\" class=\"wp-image-74\" srcset=\"https:\/\/omorfia-esthetique.fr\/wp-content\/uploads\/2023\/10\/IMG-20231024-WA0012-768x1024.jpg 768w, https:\/\/omorfia-esthetique.fr\/wp-content\/uploads\/2023\/10\/IMG-20231024-WA0012-225x300.jpg 225w, https:\/\/omorfia-esthetique.fr\/wp-content\/uploads\/2023\/10\/IMG-20231024-WA0012-1152x1536.jpg 1152w, https:\/\/omorfia-esthetique.fr\/wp-content\/uploads\/2023\/10\/IMG-20231024-WA0012.jpg 1200w\" sizes=\"auto, (max-width: 768px) 100vw, 768px\" \/><\/figure>\n\n\n\n<figure class=\"wp-block-image size-large wp-duotone-unset-3\"><img loading=\"lazy\" decoding=\"async\" width=\"768\" height=\"1024\" data-id=\"71\" src=\"http:\/\/omorfia-esthetique.fr\/wp-content\/uploads\/2023\/10\/IMG-20231024-WA0014-768x1024.jpg\" alt=\"\" class=\"wp-image-71\" srcset=\"https:\/\/omorfia-esthetique.fr\/wp-content\/uploads\/2023\/10\/IMG-20231024-WA0014-768x1024.jpg 768w, https:\/\/omorfia-esthetique.fr\/wp-content\/uploads\/2023\/10\/IMG-20231024-WA0014-225x300.jpg 225w, https:\/\/omorfia-esthetique.fr\/wp-content\/uploads\/2023\/10\/IMG-20231024-WA0014-1152x1536.jpg 1152w, https:\/\/omorfia-esthetique.fr\/wp-content\/uploads\/2023\/10\/IMG-20231024-WA0014.jpg 1200w\" sizes=\"auto, (max-width: 768px) 100vw, 768px\" \/><\/figure>\n<\/figure>\n\n\n\n<p class=\"has-small-font-size\">L&#8217;aventure commence donc en 2022 avec<strong> Omorfia-Esthetique<\/strong> en tant que prestataire de service pour les entreprises et notamment en collaboration avec une m\u00e9decin esth\u00e9tique.<\/p>\n\n\n\n<p class=\"has-small-font-size\">Je me rends compte alors de l&#8217;\u00e9norme demande de prise en charge au niveau du visage et ce, \u00e0 n&#8217;importe quel \u00e2ge. Mais pas tout le monde n&#8217;ose franchir le cap. C&#8217;est alors que je d\u00e9couvre le fabuleux univers des Facialistes.<\/p>\n\n\n\n<p class=\"has-small-font-size\">J\u2019ai eu la chance d\u2019\u00eatre form\u00e9e dans la prestigieuse <strong>Acad\u00e9mie des Facialistes<\/strong> fond\u00e9e par Catherine Bourgeois et Delphine Langlois, pionni\u00e8res dans ce domaine.<\/p>\n\n\n\n<p class=\"has-small-font-size\">La facialiste est une professionnelle de la beaut\u00e9 exer\u00e7ant un travail quasi-exclusif dans <strong>les soins et massages du visage.<\/strong> A la mani\u00e8re d&#8217;une coach sportive, mes diff\u00e9rentes techniques de massages ont pour intention de venir d\u00e9tendre, tonifier et sculpter chaque muscle afin de redonner au visage tout son \u00e9clat, d&#8217; adoucir ses traits, d\u00e9froisser, d\u00e9fatiguer, apporter du volume l\u00e0 o\u00f9 le temps, les \u00e9motions et les mimiques \u00e0 r\u00e9p\u00e9titions ont cr\u00e9\u00e9 rel\u00e2chement et rides d&#8217;expressions.<\/p>\n\n\n<div class=\"wp-block-image\">\n<figure class=\"aligncenter size-thumbnail\"><img loading=\"lazy\" decoding=\"async\" width=\"150\" height=\"150\" src=\"http:\/\/omorfia-esthetique.fr\/wp-content\/uploads\/2023\/10\/LOGO-AF-Carre-150x150.png\" alt=\"\" class=\"wp-image-150\" srcset=\"https:\/\/omorfia-esthetique.fr\/wp-content\/uploads\/2023\/10\/LOGO-AF-Carre-150x150.png 150w, https:\/\/omorfia-esthetique.fr\/wp-content\/uploads\/2023\/10\/LOGO-AF-Carre-300x300.png 300w, https:\/\/omorfia-esthetique.fr\/wp-content\/uploads\/2023\/10\/LOGO-AF-Carre-1024x1024.png 1024w, https:\/\/omorfia-esthetique.fr\/wp-content\/uploads\/2023\/10\/LOGO-AF-Carre-768x768.png 768w, https:\/\/omorfia-esthetique.fr\/wp-content\/uploads\/2023\/10\/LOGO-AF-Carre-1536x1536.png 1536w, https:\/\/omorfia-esthetique.fr\/wp-content\/uploads\/2023\/10\/LOGO-AF-Carre.png 1597w\" sizes=\"auto, (max-width: 150px) 100vw, 150px\" \/><\/figure>\n<\/div>\n\n\n<p class=\"has-medium-font-size\"><strong>Lors de la 1\u00e8re s\u00e9ance<\/strong><\/p>\n\n\n\n<ul class=\"wp-block-list\">\n<li>un \u00e9change + un questionnaire sur les habitudes, les besoins et les attentes de chaque cliente<\/li>\n<\/ul>\n\n\n\n<ul class=\"wp-block-list\">\n<li>un diagnostic morpho-facial sera \u00e9tablit afin de pouvoir axer le soin selon les besoins<\/li>\n<\/ul>\n\n\n\n<p class=\"has-medium-font-size\"><strong>Pour chaque s\u00e9ance<\/strong><\/p>\n\n\n\n<ul class=\"wp-block-list\">\n<li>nettoyage de la peau<\/li>\n<\/ul>\n\n\n\n<ul class=\"wp-block-list\">\n<li>massage facial adapt\u00e9<\/li>\n<\/ul>\n\n\n\n<ul class=\"wp-block-list\">\n<li>en fin de s\u00e9ance: tips d&#8217;auto-massage afin de prolonger les bienfaits \u00e0 la maison + conseils beaut\u00e9<\/li>\n<\/ul>\n","protected":false},"excerpt":{"rendered":"<p>En tant que facialiste dipl\u00f4m\u00e9e, ma mission est d&#8217;accompagner toutes les femmes, quel que soit leur \u00e2ge, dans la qu\u00eate du &#8220;bien vieillir&#8221; gr\u00e2ce \u00e0 des soins holistiques et non-invasifs. Mon aspiration est de r\u00e9v\u00e9ler leur beaut\u00e9 \u00e0 partir de leur propre visage, de pouvoir&nbsp;<a class=\"read-more\" href=\"https:\/\/omorfia-esthetique.fr\/\">&hellip;<\/a><\/p>\n","protected":false},"author":1,"featured_media":0,"parent":0,"menu_order":0,"comment_status":"closed","ping_status":"closed","template":"","meta":{"footnotes":""},"class_list":["post-2","page","type-page","status-publish","hentry"],"_links":{"self":[{"href":"https:\/\/omorfia-esthetique.fr\/index.php\/wp-json\/wp\/v2\/pages\/2","targetHints":{"allow":["GET"]}}],"collection":[{"href":"https:\/\/omorfia-esthetique.fr\/index.php\/wp-json\/wp\/v2\/pages"}],"about":[{"href":"https:\/\/omorfia-esthetique.fr\/index.php\/wp-json\/wp\/v2\/types\/page"}],"author":[{"embeddable":true,"href":"https:\/\/omorfia-esthetique.fr\/index.php\/wp-json\/wp\/v2\/users\/1"}],"replies":[{"embeddable":true,"href":"https:\/\/omorfia-esthetique.fr\/index.php\/wp-json\/wp\/v2\/comments?post=2"}],"version-history":[{"count":15,"href":"https:\/\/omorfia-esthetique.fr\/index.php\/wp-json\/wp\/v2\/pages\/2\/revisions"}],"predecessor-version":[{"id":178,"href":"https:\/\/omorfia-esthetique.fr\/index.php\/wp-json\/wp\/v2\/pages\/2\/revisions\/178"}],"wp:attachment":[{"href":"https:\/\/omorfia-esthetique.fr\/index.php\/wp-json\/wp\/v2\/media?parent=2"}],"curies":[{"name":"wp","href":"https:\/\/api.w.org\/{rel}","templated":true}]}}